{"id":2,"date":"2025-12-10T00:29:50","date_gmt":"2025-12-10T00:29:50","guid":{"rendered":"https:\/\/lukuteoria.fi\/?page_id=2"},"modified":"2025-12-10T07:40:47","modified_gmt":"2025-12-10T07:40:47","slug":"sample-page","status":"publish","type":"page","link":"https:\/\/lukuteoria.fi\/?page_id=2","title":{"rendered":"Tervetuloa!"},"content":{"rendered":"\n<p><br>Olemme pieni ja asiakasl\u00e4ht\u00f6inen tilitoimisto, joka auttaa sinua kaikissa taloushallinnon teht\u00e4viss\u00e4.<br>Meille t\u00e4rkeit\u00e4 ovat selkeys, luottamus ja henkil\u00f6kohtainen palvelu.<\/p>\n","protected":false},"excerpt":{"rendered":"<p>Olemme pieni ja asiakasl\u00e4ht\u00f6inen tilitoimisto, joka auttaa sinua kaikissa taloushallinnon teht\u00e4viss\u00e4.Meille t\u00e4rkeit\u00e4 ovat selkeys, luottamus ja henkil\u00f6kohtainen palvelu.<\/p>\n","protected":false},"author":1,"featured_media":0,"parent":0,"menu_order":0,"comment_status":"closed","ping_status":"open","template":"","meta":{"footnotes":""},"class_list":["post-2","page","type-page","status-publish","hentry"],"_links":{"self":[{"href":"https:\/\/lukuteoria.fi\/index.php?rest_route=\/wp\/v2\/pages\/2","targetHints":{"allow":["GET"]}}],"collection":[{"href":"https:\/\/lukuteoria.fi\/index.php?rest_route=\/wp\/v2\/pages"}],"about":[{"href":"https:\/\/lukuteoria.fi\/index.php?rest_route=\/wp\/v2\/types\/page"}],"author":[{"embeddable":true,"href":"https:\/\/lukuteoria.fi\/index.php?rest_route=\/wp\/v2\/users\/1"}],"replies":[{"embeddable":true,"href":"https:\/\/lukuteoria.fi\/index.php?rest_route=%2Fwp%2Fv2%2Fcomments&post=2"}],"version-history":[{"count":3,"href":"https:\/\/lukuteoria.fi\/index.php?rest_route=\/wp\/v2\/pages\/2\/revisions"}],"predecessor-version":[{"id":10,"href":"https:\/\/lukuteoria.fi\/index.php?rest_route=\/wp\/v2\/pages\/2\/revisions\/10"}],"wp:attachment":[{"href":"https:\/\/lukuteoria.fi\/index.php?rest_route=%2Fwp%2Fv2%2Fmedia&parent=2"}],"curies":[{"name":"wp","href":"https:\/\/api.w.org\/{rel}","templated":true}]}}